{"id":110,"date":"2025-06-10T15:15:05","date_gmt":"2025-06-10T12:15:05","guid":{"rendered":"https:\/\/audimedes.com.tr\/?page_id=110"},"modified":"2025-06-10T16:41:21","modified_gmt":"2025-06-10T13:41:21","slug":"ana-sayfa","status":"publish","type":"page","link":"https:\/\/audimedes.com.tr\/","title":{"rendered":"Ana Sayfa"},"content":{"rendered":"\n<p class=\"has-medium-font-size\">Audimedes, hastalar ve sa\u011fl\u0131k profesyonelleri i\u00e7in \u00fcst\u00fcn nitelikli dijital ileti\u015fim hizmetlerinin geli\u015ftirilmesi ve uygulanmas\u0131 konusunda uzmanla\u015fm\u0131\u015f, Almanya\u2019dan deneyimli bir hizmet \u015firketidir.<\/p>\n\n\n\n<p class=\"has-medium-font-size\">Uzmanl\u0131\u011f\u0131m\u0131zla, T\u00fcrkiye\u2019de sa\u011fl\u0131k hizmetlerinin dijitalle\u015fmesine e\u015flik etmekten ve \u015fekillendirmeye yard\u0131mc\u0131 olmaktan memnuniyet duyuyoruz.<\/p>\n\n\n\n<p class=\"has-medium-font-size\">T\u00fcr\u00e7e web sitemiz yap\u0131m a\u015famas\u0131ndad\u0131r, Audimedes hakk\u0131nda daha fazla bilgi edinmek i\u00e7in l\u00fctfen Almanca veya \u0130ngilizce web sitemizi ziyaret edin.<\/p>\n\n\n\n<div class=\"wp-block-buttons is-content-justification-center is-layout-flex wp-container-core-buttons-is-layout-d9cd0f1e wp-block-buttons-is-layout-flex\">\n<div class=\"wp-block-button\"><a class=\"wp-block-button__link has-text-align-center wp-element-button\" href=\"https:\/\/www.audimedes.com\/de\/\">Almanca<\/a><\/div>\n\n\n\n<div class=\"wp-block-button\"><a class=\"wp-block-button__link has-text-align-center wp-element-button\" href=\"https:\/\/www.audimedes.com\/en\/\">\u0130ngilizce<\/a><\/div>\n<\/div>\n\n\n\n<p><\/p>\n","protected":false},"excerpt":{"rendered":"<p>Audimedes, hastalar ve sa\u011fl\u0131k profesyonelleri i\u00e7in \u00fcst\u00fcn nitelikli dijital ileti\u015fim hizmetlerinin geli\u015ftirilmesi ve uygulanmas\u0131 konusunda uzmanla\u015fm\u0131\u015f, Almanya\u2019dan deneyimli bir hizmet \u015firketidir. Uzmanl\u0131\u011f\u0131m\u0131zla, T\u00fcrkiye\u2019de sa\u011fl\u0131k hizmetlerinin dijitalle\u015fmesine<span class=\"excerpt-hellip\"> [\u2026]<\/span><\/p>\n","protected":false},"author":1,"featured_media":0,"parent":0,"menu_order":0,"comment_status":"closed","ping_status":"closed","template":"","meta":{"footnotes":""},"class_list":["post-110","page","type-page","status-publish","hentry"],"_links":{"self":[{"href":"https:\/\/audimedes.com.tr\/index.php?rest_route=\/wp\/v2\/pages\/110","targetHints":{"allow":["GET"]}}],"collection":[{"href":"https:\/\/audimedes.com.tr\/index.php?rest_route=\/wp\/v2\/pages"}],"about":[{"href":"https:\/\/audimedes.com.tr\/index.php?rest_route=\/wp\/v2\/types\/page"}],"author":[{"embeddable":true,"href":"https:\/\/audimedes.com.tr\/index.php?rest_route=\/wp\/v2\/users\/1"}],"replies":[{"embeddable":true,"href":"https:\/\/audimedes.com.tr\/index.php?rest_route=%2Fwp%2Fv2%2Fcomments&post=110"}],"version-history":[{"count":12,"href":"https:\/\/audimedes.com.tr\/index.php?rest_route=\/wp\/v2\/pages\/110\/revisions"}],"predecessor-version":[{"id":132,"href":"https:\/\/audimedes.com.tr\/index.php?rest_route=\/wp\/v2\/pages\/110\/revisions\/132"}],"wp:attachment":[{"href":"https:\/\/audimedes.com.tr\/index.php?rest_route=%2Fwp%2Fv2%2Fmedia&parent=110"}],"curies":[{"name":"wp","href":"https:\/\/api.w.org\/{rel}","templated":true}]}}